{"id":16,"date":"2023-03-07T11:50:55","date_gmt":"2023-03-07T10:50:55","guid":{"rendered":"http:\/\/dyspraxie-geometrie.fr\/?page_id=16"},"modified":"2025-06-18T16:45:38","modified_gmt":"2025-06-18T14:45:38","slug":"contact","status":"publish","type":"page","link":"https:\/\/dyspraxie-geometrie.fr\/?page_id=16","title":{"rendered":"Contact"},"content":{"rendered":"\n<h3 class=\"wp-block-heading has-text-align-center\">N&rsquo;h\u00e9sitez pas \u00e0 consulter notre site pour plus d&rsquo;informations. Si vous le souhaitez, vous pouvez aussi contacter notre \u00e9quipe via : <\/h3>\n\n\n\n<div class=\"wp-block-group\"><div class=\"wp-block-group__inner-container is-layout-constrained wp-block-group-is-layout-constrained\">\n<h2 class=\"wp-block-heading has-text-align-center\"><mark style=\"background-color:rgba(0, 0, 0, 0)\" class=\"has-inline-color has-neve-link-color-color\"><strong> <\/strong>dysdyn.crnl-lyon@inserm.fr<\/mark><\/h2>\n\n\n\n<h2 class=\"wp-block-heading has-text-align-center\"><mark style=\"background-color:rgba(0, 0, 0, 0)\" class=\"has-inline-color has-neve-link-color-color\"><strong> <\/strong>06 52 02 24 56<\/mark><\/h2>\n<\/div><\/div>\n\n\n\n<p class=\"has-text-align-center\"><strong><span class=\"highlight\">\u00catre tenu au courant des ressources publi\u00e9es<\/span><\/strong><\/p>\n\n\n\n<div class=\"forminator-guttenberg\"><div class=\"forminator-ui forminator-custom-form forminator-custom-form-629 forminator-design--default  forminator_ajax\" data-forminator-render=\"0\" data-form=\"forminator-module-629\" data-uid=\"69ded180a386f\"><br\/><\/div><form\n\t\t\t\tid=\"forminator-module-629\"\n\t\t\t\tclass=\"forminator-ui forminator-custom-form forminator-custom-form-629 forminator-design--default  forminator_ajax\"\n\t\t\t\tmethod=\"post\"\n\t\t\t\tdata-forminator-render=\"0\"\n\t\t\t\tdata-form-id=\"629\"\n\t\t\t\t\n\t\t\t\tdata-design=\"default\"\n\t\t\t\t\n\t\t\t\t\n\t\t\t\t\n\t\t\t\tdata-grid=\"open\"\n\t\t\t\t\n\t\t\t\t\n\t\t\t\tstyle=\"display: none;\"\n\t\t\t\t\n\t\t\t\tdata-uid=\"69ded180a386f\"\n\t\t\t><div role=\"alert\" aria-live=\"polite\" class=\"forminator-response-message forminator-error\" aria-hidden=\"true\"><\/div><div class=\"forminator-row\"><div id=\"name-1\" class=\"forminator-field-name forminator-col forminator-col-12 \"><div class=\"forminator-field\"><label for=\"forminator-field-name-1_69ded180a386f\" id=\"forminator-field-name-1_69ded180a386f-label\" class=\"forminator-label\">Pr\u00e9nom NOM <span class=\"forminator-required\">*<\/span><\/label><input type=\"text\" name=\"name-1\" value=\"\" placeholder=\"Par exemple\u00a0: Jean\" id=\"forminator-field-name-1_69ded180a386f\" class=\"forminator-input forminator-name--field\" aria-required=\"true\" \/><\/div><\/div><\/div><div class=\"forminator-row\"><div id=\"name-2\" class=\"forminator-field-name forminator-col forminator-col-12 \"><div class=\"forminator-field\"><label for=\"forminator-field-name-2_69ded180a386f\" id=\"forminator-field-name-2_69ded180a386f-label\" class=\"forminator-label\">Activit\u00e9<\/label><input type=\"text\" name=\"name-2\" value=\"\" placeholder=\"\" id=\"forminator-field-name-2_69ded180a386f\" class=\"forminator-input forminator-name--field\" aria-required=\"false\" \/><\/div><\/div><\/div><div class=\"forminator-row\"><div id=\"email-1\" class=\"forminator-field-email forminator-col forminator-col-12 \"><div class=\"forminator-field\"><label for=\"forminator-field-email-1_69ded180a386f\" id=\"forminator-field-email-1_69ded180a386f-label\" class=\"forminator-label\">Adresse de messagerie <span class=\"forminator-required\">*<\/span><\/label><input type=\"email\" name=\"email-1\" value=\"\" placeholder=\"Par exemple\u00a0: jacques@martin.com\" id=\"forminator-field-email-1_69ded180a386f\" class=\"forminator-input forminator-email--field\" data-required=\"true\" aria-required=\"true\" \/><\/div><\/div><\/div><div class=\"forminator-row\"><div id=\"textarea-1\" class=\"forminator-field-textarea forminator-col forminator-col-12 \"><div class=\"forminator-field\"><label for=\"forminator-field-textarea-1_69ded180a386f\" id=\"forminator-field-textarea-1_69ded180a386f-label\" class=\"forminator-label\">Besoins, compl\u00e9ments<\/label><textarea name=\"textarea-1\" placeholder=\"Saisissez votre message\u2026\" id=\"forminator-field-textarea-1_69ded180a386f\" class=\"forminator-textarea\" rows=\"6\" style=\"min-height:140px;\" maxlength=\"180\" ><\/textarea><span id=\"forminator-field-textarea-1_69ded180a386f-description\" class=\"forminator-description\"><span data-limit=\"180\" data-type=\"characters\" data-editor=\"\">0 \/ 180<\/span><\/span><\/div><\/div><\/div><input type=\"hidden\" name=\"referer_url\" value=\"\" \/><div class=\"forminator-row forminator-row-last\"><div class=\"forminator-col\"><div class=\"forminator-field\"><button class=\"forminator-button forminator-button-submit\">Envoyer le message<\/button><\/div><\/div><\/div><input type=\"hidden\" id=\"forminator_nonce\" name=\"forminator_nonce\" value=\"a057ee72d2\" \/><input type=\"hidden\" name=\"_wp_http_referer\" value=\"\/index.php?rest_route=%2Fwp%2Fv2%2Fpages%2F16\" \/><input type=\"hidden\" name=\"form_id\" value=\"629\"><input type=\"hidden\" name=\"page_id\" value=\"16\"><input type=\"hidden\" name=\"form_type\" value=\"default\"><input type=\"hidden\" name=\"current_url\" value=\"https:\/\/dyspraxie-geometrie.fr\/?page_id=16\"><input type=\"hidden\" name=\"render_id\" value=\"0\"><input type=\"hidden\" name=\"action\" value=\"forminator_submit_form_custom-forms\"><\/form><\/div>\n\n\n\n<p class=\"has-text-align-center\">Vous serez r\u00e9orient\u00e9 vers l&rsquo;un des membres de l&rsquo;\u00e9quipe correspondant \u00e0 votre demande. <\/p>\n\n\n\n<h3 class=\"wp-block-heading\">Nous Rejoindre pour une participation \u00e0 l&rsquo;\u00e9tude : <\/h3>\n\n\n\n<p>Le&nbsp;<strong>b\u00e2timent principal du CRNL, Neurocampus Michel Jouvet<\/strong>, est install\u00e9 dans le parc du Centre Hospitalier Le Vinatier.<br>Centre Hospitalier Le Vinatier, B\u00e2timent 462, Neurocampus Michel Jouvet, 95 boulevard Pinel, 69500 Bron. <\/p>\n\n\n\n<div id=\"wp-block-themeisle-blocks-slider-b8525dde\" class=\"wp-block-themeisle-blocks-slider glide\" data-per-view=\"1\" data-gap=\"0\" data-peek=\"0\" data-autoplay=\"true\" data-height=\"400px\" data-hide-arrows=\"false\"><div class=\"glide__track\" data-glide-el=\"track\"><div class=\"glide__slides\"><div class=\"wp-block-themeisle-blocks-slider-item-wrapper glide__slide\" tabindex=\"0\"><figure><img decoding=\"async\" class=\"wp-block-themeisle-blocks-slider-item\" src=\"http:\/\/dyspraxie-geometrie.fr\/wp-content\/uploads\/2023\/03\/Chabanne-Neurocampus-de-Bron-BD-12.jpg\" alt=\"\" title=\"\" data-id=\"469\"\/><figcaption><a rel=\"noreferrer noopener\" href=\"https:\/\/www.crnl.fr\/fr\/page-base\/acces\" data-type=\"URL\" data-id=\"https:\/\/www.crnl.fr\/fr\/page-base\/acces\" target=\"_blank\"><mark style=\"background-color:rgba(0, 0, 0, 0)\" class=\"has-inline-color has-nv-site-bg-color\">Acc\u00e8s CRNL<\/mark><\/a><\/figcaption><\/figure><\/div><div class=\"wp-block-themeisle-blocks-slider-item-wrapper glide__slide\" tabindex=\"0\"><figure><img decoding=\"async\" class=\"wp-block-themeisle-blocks-slider-item\" src=\"http:\/\/dyspraxie-geometrie.fr\/wp-content\/uploads\/2023\/03\/maps.png\" alt=\"\" title=\"\" data-id=\"473\"\/><figcaption><a rel=\"noreferrer noopener\" href=\"https:\/\/www.google.com\/maps\/place\/40+Av.+du+Doyen+Jean+L%C3%A9pine,+69500+Bron\/@45.7448547,4.9016393,17z\/data=!3m1!4b1!4m6!3m5!1s0x47f4c1a306718557:0x4f57c4cdf9342143!8m2!3d45.744851!4d4.903828!16s%2Fg%2F11fssy7kwl\" data-type=\"URL\" data-id=\"https:\/\/www.google.com\/maps\/place\/40+Av.+du+Doyen+Jean+L%C3%A9pine,+69500+Bron\/@45.7448547,4.9016393,17z\/data=!3m1!4b1!4m6!3m5!1s0x47f4c1a306718557:0x4f57c4cdf9342143!8m2!3d45.744851!4d4.903828!16s%2Fg%2F11fssy7kwl\" target=\"_blank\"><mark style=\"background-color:rgba(0, 0, 0, 0)\" class=\"has-inline-color has-nv-site-bg-color\">Google Maps<\/mark><\/a><\/figcaption><\/figure><\/div><\/div><div class=\"glide__bullets\" data-glide-el=\"controls[nav]\"><button class=\"glide__bullet\" data-glide-dir=\"=0\"><\/button><button class=\"glide__bullet\" data-glide-dir=\"=1\"><\/button><\/div><\/div><\/div>\n\n\n\n<p><strong>Vous pouvez nous rejoindre par :  <\/strong><\/p>\n\n\n\n<ul class=\"wp-block-list\">\n<li>Les transports en commun (<a rel=\"noreferrer noopener\" href=\"https:\/\/www.tcl.fr\/\" data-type=\"URL\" data-id=\"https:\/\/www.tcl.fr\/\" target=\"_blank\">TCL<\/a>) :\n<ul class=\"wp-block-list\">\n<li>Tram T2 et T5 &#8211; Arr\u00eat Desgenettes<\/li>\n\n\n\n<li>Tram T6 &#8211; Arr\u00eat Vinatier<\/li>\n\n\n\n<li>Bus C8 &#8211; H\u00f4pital Cardiologique<\/li>\n\n\n\n<li>Bus C9 &#8211; Arr\u00eat H\u00f4pitaux Est<\/li>\n<\/ul>\n<\/li>\n\n\n\n<li>En voiture : \n<ul class=\"wp-block-list\">\n<li>Depuis le centre de Lyon : l&rsquo;entr\u00e9e principale du CH Le Vinatier est situ\u00e9e au 95 Boulevard Pinel 69500 Bron<\/li>\n\n\n\n<li>Depuis l&rsquo;autoroute : Boulevard P\u00e9riph\u00e9rique Laurent Bonnevay, Sortie \u00ab\u00a0H\u00f4pitaux Est\u00a0\u00bb, puis au rond-point \u00e0 gauche vers le portail interne du Vinatier (dans le GPS : 40 Av. du Doyen Jean L\u00e9pine, 69500 Bron)<\/li>\n<\/ul>\n<\/li>\n<\/ul>\n\n\n\n<figure class=\"wp-block-image size-large is-resized\"><a href=\"https:\/\/www.google.com\/maps\/place\/40+Av.+du+Doyen+Jean+L%C3%A9pine,+69500+Bron\/@45.7448547,4.9016393,17z\/data=!3m1!4b1!4m6!3m5!1s0x47f4c1a306718557:0x4f57c4cdf9342143!8m2!3d45.744851!4d4.903828!16s%2Fg%2F11fssy7kwl\" target=\"_blank\" rel=\"noreferrer noopener\"><img loading=\"lazy\" decoding=\"async\" width=\"1024\" height=\"477\" src=\"http:\/\/dyspraxie-geometrie.fr\/wp-content\/uploads\/2023\/03\/maps-1024x477.png\" alt=\"\" class=\"wp-image-473\" style=\"width:1171px;height:545px\" srcset=\"https:\/\/dyspraxie-geometrie.fr\/wp-content\/uploads\/2023\/03\/maps-1024x477.png 1024w, https:\/\/dyspraxie-geometrie.fr\/wp-content\/uploads\/2023\/03\/maps-300x140.png 300w, https:\/\/dyspraxie-geometrie.fr\/wp-content\/uploads\/2023\/03\/maps-768x358.png 768w, https:\/\/dyspraxie-geometrie.fr\/wp-content\/uploads\/2023\/03\/maps-1536x716.png 1536w, https:\/\/dyspraxie-geometrie.fr\/wp-content\/uploads\/2023\/03\/maps-2048x955.png 2048w\" sizes=\"auto, (max-width: 1024px) 100vw, 1024px\" \/><\/a><\/figure>\n","protected":false},"excerpt":{"rendered":"<p>N&rsquo;h\u00e9sitez pas \u00e0 consulter notre site pour plus d&rsquo;informations. Si vous le souhaitez, vous pouvez aussi contacter notre \u00e9quipe via : dysdyn.crnl-lyon@inserm.fr 06 52 02 24 56 \u00catre tenu au courant des ressources publi\u00e9es Vous serez r\u00e9orient\u00e9 vers l&rsquo;un des membres de l&rsquo;\u00e9quipe correspondant \u00e0 votre demande. Nous Rejoindre pour une participation \u00e0 l&rsquo;\u00e9tude :&hellip;&nbsp;<a href=\"https:\/\/dyspraxie-geometrie.fr\/?page_id=16\" class=\"\" rel=\"bookmark\">Lire la suite &raquo;<span class=\"screen-reader-text\">Contact<\/span><\/a><\/p>\n","protected":false},"author":1,"featured_media":467,"parent":0,"menu_order":0,"comment_status":"closed","ping_status":"closed","template":"","meta":{"neve_meta_sidebar":"","neve_meta_container":"default","neve_meta_enable_content_width":"","neve_meta_content_width":0,"neve_meta_title_alignment":"","neve_meta_author_avatar":"","neve_post_elements_order":"","neve_meta_disable_header":"","neve_meta_disable_footer":"","neve_meta_disable_title":"","_themeisle_gutenberg_block_has_review":false,"footnotes":""},"class_list":["post-16","page","type-page","status-publish","has-post-thumbnail","hentry"],"_links":{"self":[{"href":"https:\/\/dyspraxie-geometrie.fr\/index.php?rest_route=\/wp\/v2\/pages\/16","targetHints":{"allow":["GET"]}}],"collection":[{"href":"https:\/\/dyspraxie-geometrie.fr\/index.php?rest_route=\/wp\/v2\/pages"}],"about":[{"href":"https:\/\/dyspraxie-geometrie.fr\/index.php?rest_route=\/wp\/v2\/types\/page"}],"author":[{"embeddable":true,"href":"https:\/\/dyspraxie-geometrie.fr\/index.php?rest_route=\/wp\/v2\/users\/1"}],"replies":[{"embeddable":true,"href":"https:\/\/dyspraxie-geometrie.fr\/index.php?rest_route=%2Fwp%2Fv2%2Fcomments&post=16"}],"version-history":[{"count":0,"href":"https:\/\/dyspraxie-geometrie.fr\/index.php?rest_route=\/wp\/v2\/pages\/16\/revisions"}],"wp:featuredmedia":[{"embeddable":true,"href":"https:\/\/dyspraxie-geometrie.fr\/index.php?rest_route=\/wp\/v2\/media\/467"}],"wp:attachment":[{"href":"https:\/\/dyspraxie-geometrie.fr\/index.php?rest_route=%2Fwp%2Fv2%2Fmedia&parent=16"}],"curies":[{"name":"wp","href":"https:\/\/api.w.org\/{rel}","templated":true}]}}