{"id":308,"date":"2020-01-13T11:17:52","date_gmt":"2020-01-13T11:17:52","guid":{"rendered":"https:\/\/demosites.io\/web-agency-gb\/?page_id=5"},"modified":"2024-09-17T10:46:08","modified_gmt":"2024-09-17T08:46:08","slug":"15c42-web-agency-gb-home","status":"publish","type":"page","link":"https:\/\/dyspraxie-geometrie.fr\/","title":{"rendered":"Accueil"},"content":{"rendered":"\n<div class=\"wp-block-cover alignfull is-light\" style=\"min-height:337px;aspect-ratio:unset;\"><span aria-hidden=\"true\" class=\"wp-block-cover__background has-nv-light-bg-background-color has-background-dim\"><\/span><img loading=\"lazy\" decoding=\"async\" width=\"2560\" height=\"794\" class=\"wp-block-cover__image-background wp-image-428\" alt=\"\" src=\"http:\/\/dyspraxie-geometrie.fr\/wp-content\/uploads\/2023\/03\/Image1-1-scaled.jpg\" data-object-fit=\"cover\" srcset=\"https:\/\/dyspraxie-geometrie.fr\/wp-content\/uploads\/2023\/03\/Image1-1-scaled.jpg 2560w, https:\/\/dyspraxie-geometrie.fr\/wp-content\/uploads\/2023\/03\/Image1-1-300x93.jpg 300w, https:\/\/dyspraxie-geometrie.fr\/wp-content\/uploads\/2023\/03\/Image1-1-1024x318.jpg 1024w, https:\/\/dyspraxie-geometrie.fr\/wp-content\/uploads\/2023\/03\/Image1-1-768x238.jpg 768w, https:\/\/dyspraxie-geometrie.fr\/wp-content\/uploads\/2023\/03\/Image1-1-1536x476.jpg 1536w, https:\/\/dyspraxie-geometrie.fr\/wp-content\/uploads\/2023\/03\/Image1-1-2048x635.jpg 2048w\" sizes=\"auto, (max-width: 2560px) 100vw, 2560px\" \/><div class=\"wp-block-cover__inner-container is-layout-flow wp-block-cover-is-layout-flow\">\n<h1 class=\"has-text-align-center has-text-color wp-block-heading\" style=\"color:#121212\">Projet de recherche DYSDYN<\/h1>\n\n\n\n<p class=\"has-text-align-center has-text-color\" style=\"color:#121212;font-size:26px\">Les enjeux du projet et l&rsquo;organisation de la recherche<\/p>\n<\/div><\/div>\n\n\n\n<div style=\"height:80px\" aria-hidden=\"true\" class=\"wp-block-spacer\"><\/div>\n\n\n\n<div class=\"wp-block-columns is-layout-flex wp-container-core-columns-is-layout-9d6595d7 wp-block-columns-is-layout-flex\">\n<div class=\"wp-block-column is-layout-flow wp-block-column-is-layout-flow\"><div class=\"wp-block-image icon-style is-style-rounded\">\n<figure class=\"aligncenter size-full is-resized\"><img loading=\"lazy\" decoding=\"async\" width=\"779\" height=\"779\" src=\"http:\/\/dyspraxie-geometrie.fr\/wp-content\/uploads\/2023\/03\/Image4.png\" alt=\"\" class=\"wp-image-429\" style=\"width:90px;height:90px\" title=\"\" srcset=\"https:\/\/dyspraxie-geometrie.fr\/wp-content\/uploads\/2023\/03\/Image4.png 779w, https:\/\/dyspraxie-geometrie.fr\/wp-content\/uploads\/2023\/03\/Image4-300x300.png 300w, https:\/\/dyspraxie-geometrie.fr\/wp-content\/uploads\/2023\/03\/Image4-150x150.png 150w, https:\/\/dyspraxie-geometrie.fr\/wp-content\/uploads\/2023\/03\/Image4-768x768.png 768w\" sizes=\"auto, (max-width: 779px) 100vw, 779px\" \/><\/figure>\n<\/div>\n\n\n<h3 class=\"wp-block-heading has-text-align-center has-neve-text-color-color has-text-color\">Le projet DYSDYN<\/h3>\n\n\n\n<p class=\"has-text-align-center\">Apprendre la g\u00e9om\u00e9trie \u00e0 l&rsquo;\u00e9cole, lorsque l&rsquo;acc\u00e8s aux trac\u00e9s est contrari\u00e9, est particuli\u00e8rement difficile.<\/p>\n\n\n\n<p class=\"has-text-align-center\">Le projet DYSDYN vise \u00e0 offrir aux \u00e9l\u00e8ves un environnement plus favorable, et \u00e0 leur entourage des outils adapt\u00e9s pour les aider \u00e0 progresser. <\/p>\n\n\n\n<p class=\"has-text-align-center\">Nous suivrons les progr\u00e8s et difficult\u00e9s des \u00e9l\u00e8ves, proposerons un environnement de g\u00e9om\u00e9trie adapt\u00e9 au fil du projet, ainsi qu&rsquo;une plateforme de suivi des apprentissages sp\u00e9cialement d\u00e9velopp\u00e9e.<\/p>\n\n\n\n<p class=\"has-text-align-center\">Des ressources seront \u00e0 terme d\u00e9velopp\u00e9es et gratuitement mises \u00e0 disposition des professionnels, enseignants et ergoth\u00e9rapeutes.<\/p>\n\n\n\n<p class=\"has-text-align-center\"><a href=\"http:\/\/dyspraxie-geometrie.fr\/?page_id=380\" data-type=\"page\" data-id=\"380\" target=\"_blank\" rel=\"noreferrer noopener\">En savoir plus<\/a><\/p>\n\n\n\n<div style=\"height:20px\" aria-hidden=\"true\" class=\"wp-block-spacer\"><\/div>\n<\/div>\n\n\n\n<div class=\"wp-block-column is-layout-flow wp-block-column-is-layout-flow\"><div class=\"wp-block-image icon-style is-style-rounded\">\n<figure class=\"aligncenter size-full is-resized\"><img loading=\"lazy\" decoding=\"async\" width=\"779\" height=\"779\" src=\"http:\/\/dyspraxie-geometrie.fr\/wp-content\/uploads\/2023\/03\/Image5.png\" alt=\"\" class=\"wp-image-431\" style=\"width:90px;height:90px\" srcset=\"https:\/\/dyspraxie-geometrie.fr\/wp-content\/uploads\/2023\/03\/Image5.png 779w, https:\/\/dyspraxie-geometrie.fr\/wp-content\/uploads\/2023\/03\/Image5-300x300.png 300w, https:\/\/dyspraxie-geometrie.fr\/wp-content\/uploads\/2023\/03\/Image5-150x150.png 150w, https:\/\/dyspraxie-geometrie.fr\/wp-content\/uploads\/2023\/03\/Image5-768x768.png 768w\" sizes=\"auto, (max-width: 779px) 100vw, 779px\" \/><\/figure>\n<\/div>\n\n\n<h3 class=\"wp-block-heading has-text-align-center has-neve-text-color-color has-text-color\">Participer aux travaux<\/h3>\n\n\n\n<p class=\"has-text-align-center\">Pour mieux comprendre les difficult\u00e9s et les propositions pertinentes, nous mettons \u00e0 contribution les \u00e9l\u00e8ves\u202f!<\/p>\n\n\n\n<p class=\"has-text-align-center\">En tant que chercheurs, nous souhaitons identifier les points de difficult\u00e9, et proposer des adaptations.<\/p>\n\n\n\n<p class=\"has-text-align-center\">Pour les \u00e9l\u00e8ves impliqu\u00e9s, <strong>dyspraxiques ou non,<\/strong> nous proposons un accompagnement fin de l&rsquo;appropriation du logiciel et de l&rsquo;entr\u00e9e dans des t\u00e2ches g\u00e9om\u00e9triques. <\/p>\n\n\n\n<p class=\"has-text-align-center\"><a rel=\"noreferrer noopener\" href=\"http:\/\/dyspraxie-geometrie.fr\/?page_id=391\" data-type=\"page\" data-id=\"391\" target=\"_blank\">Participer, en savoir plus<\/a><\/p>\n\n\n\n<p class=\"has-text-align-center\"><a href=\"http:\/\/dyspraxie-geometrie.fr\/?page_id=608\" data-type=\"page\" data-id=\"608\">Participer \u00e0 l\u2019\u00e9tude avec votre classe<\/a><\/p>\n\n\n\n<figure class=\"wp-block-image size-large\"><img loading=\"lazy\" decoding=\"async\" width=\"709\" height=\"1024\" src=\"http:\/\/dyspraxie-geometrie.fr\/wp-content\/uploads\/2023\/05\/Flyer-Expe-1-DYSDYN-709x1024.jpg\" alt=\"Pr\u00e9sentation de la participation au projet\" class=\"wp-image-582\" srcset=\"https:\/\/dyspraxie-geometrie.fr\/wp-content\/uploads\/2023\/05\/Flyer-Expe-1-DYSDYN-709x1024.jpg 709w, https:\/\/dyspraxie-geometrie.fr\/wp-content\/uploads\/2023\/05\/Flyer-Expe-1-DYSDYN-208x300.jpg 208w, https:\/\/dyspraxie-geometrie.fr\/wp-content\/uploads\/2023\/05\/Flyer-Expe-1-DYSDYN-768x1109.jpg 768w, https:\/\/dyspraxie-geometrie.fr\/wp-content\/uploads\/2023\/05\/Flyer-Expe-1-DYSDYN-1063x1536.jpg 1063w, https:\/\/dyspraxie-geometrie.fr\/wp-content\/uploads\/2023\/05\/Flyer-Expe-1-DYSDYN-1418x2048.jpg 1418w, https:\/\/dyspraxie-geometrie.fr\/wp-content\/uploads\/2023\/05\/Flyer-Expe-1-DYSDYN-scaled.jpg 1772w\" sizes=\"auto, (max-width: 709px) 100vw, 709px\" \/><\/figure>\n\n\n\n<div style=\"height:20px\" aria-hidden=\"true\" class=\"wp-block-spacer\"><\/div>\n<\/div>\n\n\n\n<div class=\"wp-block-column is-layout-flow wp-block-column-is-layout-flow\"><div class=\"wp-block-image icon-style is-style-rounded\">\n<figure class=\"aligncenter size-full is-resized\"><img loading=\"lazy\" decoding=\"async\" width=\"780\" height=\"779\" src=\"http:\/\/dyspraxie-geometrie.fr\/wp-content\/uploads\/2023\/03\/Image2-1.png\" alt=\"\" class=\"wp-image-433\" style=\"width:90px;height:90px\" srcset=\"https:\/\/dyspraxie-geometrie.fr\/wp-content\/uploads\/2023\/03\/Image2-1.png 780w, https:\/\/dyspraxie-geometrie.fr\/wp-content\/uploads\/2023\/03\/Image2-1-300x300.png 300w, https:\/\/dyspraxie-geometrie.fr\/wp-content\/uploads\/2023\/03\/Image2-1-150x150.png 150w, https:\/\/dyspraxie-geometrie.fr\/wp-content\/uploads\/2023\/03\/Image2-1-768x767.png 768w\" sizes=\"auto, (max-width: 780px) 100vw, 780px\" \/><\/figure>\n<\/div>\n\n\n<h3 class=\"wp-block-heading has-text-align-center has-neve-text-color-color has-text-color\">Les membres du projet<\/h3>\n\n\n\n<p class=\"has-text-align-center\">Les sciences cognitives, et le <a href=\"https:\/\/www.crnl.fr\/fr\/equipe\/eduwell\" target=\"_blank\" rel=\"noreferrer noopener\">Centre de Recherche en Neurosciences de Lyon<\/a>, pour la connaissance du trouble.<\/p>\n\n\n\n<p class=\"has-text-align-center\">La didactique des math\u00e9matiques, et <a rel=\"noreferrer noopener\" href=\"http:\/\/s2hep.univ-lyon1.fr\/\" target=\"_blank\">le laboratoire Sciences, Soci\u00e9t\u00e9, Historicit\u00e9, \u00c9ducation, Pratiques<\/a>, pour la connaissance de la g\u00e9om\u00e9trie \u00e0 l&rsquo;\u00e9cole et les ressources.<\/p>\n\n\n\n<p class=\"has-text-align-center\">L&rsquo;EdTech <a href=\"https:\/\/cabri.com\/index.html\" target=\"_blank\" rel=\"noreferrer noopener\">Cabrilog <\/a>pour un logiciel (<a rel=\"noreferrer noopener\" href=\"http:\/\/cabricloud.com\/\" target=\"_blank\">Cabri Express<\/a>) reconnu internationalement et l&rsquo;expertise technique.<\/p>\n\n\n\n<p class=\"has-text-align-center\">Le financement est assur\u00e9 conjointement par la R\u00e9gion AURA, l&rsquo;Universit\u00e9 Lyon 1, et l&rsquo;EdTech Cabrilog.<\/p>\n\n\n\n<p class=\"has-text-align-center\"><a href=\"http:\/\/dyspraxie-geometrie.fr\/?page_id=387\" data-type=\"page\" data-id=\"387\" target=\"_blank\" rel=\"noreferrer noopener\">En savoir plus<\/a><\/p>\n\n\n\n<div style=\"height:20px\" aria-hidden=\"true\" class=\"wp-block-spacer\"><\/div>\n<\/div>\n<\/div>\n","protected":false},"excerpt":{"rendered":"<p>Le projet DYSDYN Apprendre la g\u00e9om\u00e9trie \u00e0 l&rsquo;\u00e9cole, lorsque l&rsquo;acc\u00e8s aux trac\u00e9s est contrari\u00e9, est particuli\u00e8rement difficile. Le projet DYSDYN vise \u00e0 offrir aux \u00e9l\u00e8ves un environnement plus favorable, et \u00e0 leur entourage des outils adapt\u00e9s pour les aider \u00e0 progresser. Nous suivrons les progr\u00e8s et difficult\u00e9s des \u00e9l\u00e8ves, proposerons un environnement de g\u00e9om\u00e9trie adapt\u00e9&hellip;&nbsp;<a href=\"https:\/\/dyspraxie-geometrie.fr\/\" class=\"\" rel=\"bookmark\">Lire la suite &raquo;<span class=\"screen-reader-text\">Accueil<\/span><\/a><\/p>\n","protected":false},"author":2,"featured_media":0,"parent":0,"menu_order":0,"comment_status":"closed","ping_status":"closed","template":"","meta":{"neve_meta_sidebar":"default","neve_meta_container":"default","neve_meta_enable_content_width":"on","neve_meta_content_width":100,"neve_meta_title_alignment":"","neve_meta_author_avatar":"","neve_post_elements_order":"","neve_meta_disable_header":"","neve_meta_disable_footer":"","neve_meta_disable_title":"on","_themeisle_gutenberg_block_has_review":false,"footnotes":""},"class_list":["post-308","page","type-page","status-publish","hentry"],"_links":{"self":[{"href":"https:\/\/dyspraxie-geometrie.fr\/index.php?rest_route=\/wp\/v2\/pages\/308","targetHints":{"allow":["GET"]}}],"collection":[{"href":"https:\/\/dyspraxie-geometrie.fr\/index.php?rest_route=\/wp\/v2\/pages"}],"about":[{"href":"https:\/\/dyspraxie-geometrie.fr\/index.php?rest_route=\/wp\/v2\/types\/page"}],"author":[{"embeddable":true,"href":"https:\/\/dyspraxie-geometrie.fr\/index.php?rest_route=\/wp\/v2\/users\/2"}],"replies":[{"embeddable":true,"href":"https:\/\/dyspraxie-geometrie.fr\/index.php?rest_route=%2Fwp%2Fv2%2Fcomments&post=308"}],"version-history":[{"count":0,"href":"https:\/\/dyspraxie-geometrie.fr\/index.php?rest_route=\/wp\/v2\/pages\/308\/revisions"}],"wp:attachment":[{"href":"https:\/\/dyspraxie-geometrie.fr\/index.php?rest_route=%2Fwp%2Fv2%2Fmedia&parent=308"}],"curies":[{"name":"wp","href":"https:\/\/api.w.org\/{rel}","templated":true}]}}