{"id":391,"date":"2023-03-10T15:03:40","date_gmt":"2023-03-10T14:03:40","guid":{"rendered":"http:\/\/dyspraxie-geometrie.fr\/?page_id=391"},"modified":"2023-06-09T17:26:24","modified_gmt":"2023-06-09T15:26:24","slug":"participer-aux-travaux","status":"publish","type":"page","link":"https:\/\/dyspraxie-geometrie.fr\/?page_id=391","title":{"rendered":""},"content":{"rendered":"\n<figure class=\"wp-block-image size-large is-resized\"><img loading=\"lazy\" decoding=\"async\" src=\"http:\/\/dyspraxie-geometrie.fr\/wp-content\/uploads\/2023\/03\/Image1-2-1024x152.png\" alt=\"\" class=\"wp-image-449\" width=\"1170\" height=\"174\" srcset=\"https:\/\/dyspraxie-geometrie.fr\/wp-content\/uploads\/2023\/03\/Image1-2-1024x152.png 1024w, https:\/\/dyspraxie-geometrie.fr\/wp-content\/uploads\/2023\/03\/Image1-2-300x45.png 300w, https:\/\/dyspraxie-geometrie.fr\/wp-content\/uploads\/2023\/03\/Image1-2-768x114.png 768w, https:\/\/dyspraxie-geometrie.fr\/wp-content\/uploads\/2023\/03\/Image1-2-1536x228.png 1536w, https:\/\/dyspraxie-geometrie.fr\/wp-content\/uploads\/2023\/03\/Image1-2.png 1654w\" sizes=\"auto, (max-width: 1170px) 100vw, 1170px\" \/><\/figure>\n\n\n\n<div class=\"wp-block-columns are-vertically-aligned-center is-layout-flex wp-container-core-columns-is-layout-9d6595d7 wp-block-columns-is-layout-flex\">\n<div class=\"wp-block-column is-vertically-aligned-center is-layout-flow wp-block-column-is-layout-flow\" style=\"flex-basis:66.66%\">\n<div class=\"wp-block-group\"><div class=\"wp-block-group__inner-container is-layout-constrained wp-block-group-is-layout-constrained\">\n<div id=\"wp-block-themeisle-blocks-form-5a10a5a3\" class=\"wp-block-themeisle-blocks-form\" data-option-name=\"bf9b28ff82ce323187abc5d0feb0d8f07ecd8436_5a10a5a3\"><form class=\"otter-form__container\">\n<div id=\"wp-block-themeisle-blocks-form-input-de57c8f9\" class=\"wp-block-themeisle-blocks-form-input\"><label for=\"wp-block-themeisle-blocks-form-input-de57c8f9-input\" class=\"otter-form-input-label\"><span class=\"otter-form-input-label__label\">Veuillez compl\u00e9ter les renseignements suivants : <br>Votre Nom et Pr\u00e9nom<\/span><span class=\"required\">*<\/span><\/label><input type=\"text\" id=\"wp-block-themeisle-blocks-form-input-de57c8f9-input\" required class=\"otter-form-input\"\/><\/div>\n\n\n\n<div id=\"wp-block-themeisle-blocks-form-input-4dde05fa\" class=\"wp-block-themeisle-blocks-form-input\"><label for=\"wp-block-themeisle-blocks-form-input-4dde05fa-input\" class=\"otter-form-input-label\"><span class=\"otter-form-input-label__label\">Votre Email<\/span><span class=\"required\">*<\/span><\/label><input type=\"email\" id=\"wp-block-themeisle-blocks-form-input-4dde05fa-input\" required class=\"otter-form-input\"\/><\/div>\n\n\n<div class=\"protection\" aria-hidden=\"true\"><input type=\"hidden\" id=\"wp-block-themeisle-blocks-form-5a10a5a3_nonce_field\" name=\"wp-block-themeisle-blocks-form-5a10a5a3_nonce_field\" value=\"f9a17dba8e\" \/><input type=\"hidden\" name=\"_wp_http_referer\" value=\"\/index.php?rest_route=%2Fwp%2Fv2%2Fpages%2F391\" \/><input class=\"o-anti-bot\" type=\"checkbox\"><\/div>\n\n\n<div id=\"wp-block-themeisle-blocks-form-textarea-04a860ef\" class=\"wp-block-themeisle-blocks-form-input\"><label for=\"wp-block-themeisle-blocks-form-textarea-04a860ef-input\" class=\"otter-form-input-label\"><span class=\"otter-form-input-label__label\">Nom et Pr\u00e9nom de votre enfant<mark style=\"background-color:rgba(0, 0, 0, 0);color:#ff1e00\" class=\"has-inline-color\">*<\/mark><\/span><\/label><input type=\"text\" id=\"wp-block-themeisle-blocks-form-textarea-04a860ef-input\" class=\"otter-form-input\"\/><\/div>\n\n\n\n<div id=\"wp-block-themeisle-blocks-form-input-ad21feea\" class=\"wp-block-themeisle-blocks-form-input\"><label for=\"wp-block-themeisle-blocks-form-input-ad21feea-input\" class=\"otter-form-input-label\"><span class=\"otter-form-input-label__label\">\u00c2ge de votre enfant<mark style=\"background-color:rgba(0, 0, 0, 0);color:#ff1e00\" class=\"has-inline-color\">*<\/mark><\/span><\/label><input type=\"text\" id=\"wp-block-themeisle-blocks-form-input-ad21feea-input\" class=\"otter-form-input\"\/><\/div>\n\n\n\n<div id=\"wp-block-themeisle-blocks-form-input-ec635275\" class=\"wp-block-themeisle-blocks-form-input\"><label for=\"wp-block-themeisle-blocks-form-input-ec635275-input\" class=\"otter-form-input-label\"><span class=\"otter-form-input-label__label\">Num\u00e9ro de t\u00e9l\u00e9phone (pour \u00eatre rappel\u00e9.e)<mark style=\"background-color:rgba(0, 0, 0, 0);color:#ff0000\" class=\"has-inline-color\">*<\/mark><\/span><\/label><input type=\"text\" id=\"wp-block-themeisle-blocks-form-input-ec635275-input\" class=\"otter-form-input\"\/><\/div>\n\n\n\n<p class=\"has-text-align-right has-extra-small-font-size\">Vous acceptez que l&rsquo;un des membres de l&rsquo;\u00e9quipe, vous contacte afin de voir ensemble une disponibilit\u00e9 commune pour se rencontrer.<\/p>\n<div class=\"wp-block-button\"><button class=\"wp-block-button__link\" type=\"submit\">Envoyer<\/button><\/div><\/form><\/div>\n<\/div><\/div>\n<\/div>\n\n\n\n<div class=\"wp-block-column is-vertically-aligned-center is-layout-flow wp-block-column-is-layout-flow\" style=\"flex-basis:33.33%\">\n<figure class=\"wp-block-image size-large is-resized\"><img loading=\"lazy\" decoding=\"async\" src=\"http:\/\/dyspraxie-geometrie.fr\/wp-content\/uploads\/2023\/05\/demi_Flyer-Expe-1-DYSDYN-355x1024.jpg\" alt=\"\" class=\"wp-image-585\" width=\"334\" height=\"963\" srcset=\"https:\/\/dyspraxie-geometrie.fr\/wp-content\/uploads\/2023\/05\/demi_Flyer-Expe-1-DYSDYN-355x1024.jpg 355w, https:\/\/dyspraxie-geometrie.fr\/wp-content\/uploads\/2023\/05\/demi_Flyer-Expe-1-DYSDYN-104x300.jpg 104w, https:\/\/dyspraxie-geometrie.fr\/wp-content\/uploads\/2023\/05\/demi_Flyer-Expe-1-DYSDYN-768x2213.jpg 768w, https:\/\/dyspraxie-geometrie.fr\/wp-content\/uploads\/2023\/05\/demi_Flyer-Expe-1-DYSDYN-533x1536.jpg 533w, https:\/\/dyspraxie-geometrie.fr\/wp-content\/uploads\/2023\/05\/demi_Flyer-Expe-1-DYSDYN-711x2048.jpg 711w, https:\/\/dyspraxie-geometrie.fr\/wp-content\/uploads\/2023\/05\/demi_Flyer-Expe-1-DYSDYN-scaled.jpg 889w\" sizes=\"auto, (max-width: 334px) 100vw, 334px\" \/><\/figure>\n<\/div>\n<\/div>\n\n\n\n<h4 class=\"wp-block-heading has-text-align-center\">Quel est l\u2019objectif de cette recherche ?<\/h4>\n\n\n\n<p class=\"has-text-align-left\">Cette \u00e9tude a pour objectif d\u2019am\u00e9liorer un logiciel de g\u00e9om\u00e9trie dynamique en le rendant accessible pour ces usagers, notamment des enfants dyspraxiques, mais \u00e9galement d\u2019\u00e9tudier les effets de ces am\u00e9liorations du logiciel pour l\u2019apprentissage des math\u00e9matiques par ces usagers. Pour cela, nous aurons besoin de comparer les donn\u00e9es d\u2019enfants avec et sans dyspraxie (c\u2019est-\u00e0-dire ayant un trouble du d\u00e9veloppement de la coordination motrice). Si vous souhaitez en savoir plus sur la dyspraxie, vous pouvez regarder avec votre enfant cette <a rel=\"noreferrer noopener\" href=\"https:\/\/ladigitale.dev\/digiplay\/#\/v\/63502916ba06a\" target=\"_blank\">vid\u00e9o<\/a>.<\/p>\n\n\n\n<blockquote class=\"wp-block-quote is-layout-flow wp-block-quote-is-layout-flow\">\n<p><strong><em>\u00ab&nbsp;Approche cognitive de la g\u00e9om\u00e9trie chez les enfants avec dyspraxie et apports d\u2019un outil num\u00e9rique de g\u00e9om\u00e9trie dynamique en cycle 3 : diff\u00e9renciation et inclusion.&nbsp;\u00bb<\/em><\/strong><\/p>\n<\/blockquote>\n\n\n\n<h4 class=\"wp-block-heading has-text-align-center\">Que devra faire votre enfant si vous acceptez qu\u2019il participe?<\/h4>\n\n\n\n<p>Votre enfant r\u00e9alisera des tests comportementaux et neuropsychologiques, des questions et des petits jeux sont propos\u00e9s \u00e0 l\u2019enfant : ces jeux sont vari\u00e9s, on pourra, par exemple, demander \u00e0 votre enfant de nommer des objets, de montrer comment il attrape une balle, etc. \u00c0 la suite de ces tests, votre enfant sera amen\u00e9 \u00e0 r\u00e9aliser l\u2019exp\u00e9rimentation 1 qui comporte une t\u00e2che de d\u00e9tection de figure g\u00e9om\u00e9trique (dans laquelle votre enfant indique si les figures pr\u00e9sent\u00e9es sur l\u2019\u00e9cran respecte un crit\u00e8re, par exemple des droites parall\u00e8les, des angles droits, des courbes, etc. \u00bb), une t\u00e2che de raisonnement (dans laquelle votre enfant choisira parmi plusieurs choix la r\u00e9ponse qui compl\u00e8te une suite d\u2019\u00e9v\u00e9nements logiques) et une t\u00e2che d\u2019usage du logiciel Cabri Express (dans laquelle il manipulera \u00e0 l\u2019aide de la souris et du clavier le logiciel pour tracer des objets g\u00e9om\u00e9triques, comme par exemple un triangle). Si votre enfant le souhaite et avec votre accord, il pourra \u00e9galement r\u00e9aliser l\u2019exp\u00e9rimentation 2. Il lui sera alors propos\u00e9 de r\u00e9aliser des exercices de g\u00e9om\u00e9trie sur ordinateur avec le logiciel Cabri Express. Ces exercices sont adapt\u00e9s au programme scolaire de sa classe d\u2019\u00e2ge. <\/p>\n\n\n\n<h4 class=\"wp-block-heading has-text-align-center\">Organisation de l\u2019\u00e9tude&nbsp;: Lieu et dur\u00e9e<\/h4>\n\n\n\n<p><strong>Contact initial :<\/strong> Vous pouvez prendre contact avec un des membres de l\u2019\u00e9quipe de recherche par le biais du questionnaire ci-dessus, par mail (<strong>dysdyn.crnl-lyon@inserm.fr<\/strong>), ou par t\u00e9l\u00e9phone (<strong>06 52 02 24 56<\/strong>). Nous pourrons alors v\u00e9rifier les crit\u00e8res d\u2019inclusion et d\u2019exclusion de l\u2019\u00e9tude. Apr\u00e8s une phase d\u2019information o\u00f9 les objectifs ainsi que le d\u00e9roulement de l\u2019\u00e9tude vous seront pr\u00e9sent\u00e9s, nous pourrons r\u00e9pondre \u00e0 toutes vos questions, et nous vous transmettrons une notice d\u2019information d\u00e9taill\u00e9e, une notice pour votre enfant ainsi qu\u2019un formulaire de consentement et de droits \u00e0 l\u2019image. <\/p>\n\n\n\n<p>Apr\u00e8s lecture de la notice d\u2019information, et un d\u00e9lai de r\u00e9flexion de 7 jours, si vous souhaitez participer avec votre enfant, nous fixerons alors avec vous un premier rendez-vous dans les locaux du b\u00e2timent IDEE (Institut Des \u00c9pilepsiEs, 59 boulevard Pinel &#8211; 69500 BRON), \u00e0 cot\u00e9 du&nbsp;b\u00e2timent principal du CRNL, Neurocampus Michel Jouvet (ici).<\/p>\n\n\n\n<p><strong>Indemnisation \u00e9ventuelle pour la participation \u00e0 l\u2019\u00e9tude :<\/strong> Un cadeau est pr\u00e9vu pour votre enfant \u00e0 hauteur d\u2019environ 10 euros sous forme d\u2019un jeu \u00e0 choisir parmi ceux que nous aurons \u00e0 proposer. Apr\u00e8s la passation de l&rsquo;exp\u00e9rimentation, Cabrilog vous propose \u00e9galement en remerciement de votre participation un acc\u00e8s \u00e0 leurs ressources p\u00e9dagogiques en math\u00e9matiques en fonction de la classe de votre enfant (<a href=\"https:\/\/cabri.com\/fr\/partenariat\/123-cabri\/index.html\" data-type=\"URL\" data-id=\"https:\/\/cabri.com\/fr\/partenariat\/123-cabri\/index.html\" target=\"_blank\" rel=\"noreferrer noopener\">1, 2, 3 Cabri<\/a>). Vous serez par ailleurs pr\u00e9venu lors de la fin du d\u00e9veloppement de Cabri Express adapt\u00e9 \u00e0 un usage scolaire et aux besoins des enfants dyspraxiques. Lors de votre visite, votre enfant pourra, en fonction de l\u2019organisation pr\u00e9vue, recevoir un repas pour le temps de midi ou une collation pour le go\u00fbter.<\/p>\n\n\n\n<h4 class=\"wp-block-heading has-text-align-center\">Quels sont les b\u00e9n\u00e9fices attendus et les risques li\u00e9s \u00e0 la recherche ?<\/h4>\n\n\n\n<p>Il n\u2019y a pas de b\u00e9n\u00e9fices directs attendus pour votre enfant. En revanche, la participation de votre enfant contribuera \u00e0 cr\u00e9er un logiciel de g\u00e9om\u00e9trie dynamique qui peut constituer un outil d\u2019apprentissage pour tous les \u00e9l\u00e8ves, dont les \u00e9l\u00e8ves porteurs d\u2019une dyspraxie. L&rsquo;exp\u00e9rimentation propos\u00e9e ne pr\u00e9sente aucun risque. Les seuls inconv\u00e9nients possibles sont ceux li\u00e9s \u00e0 la dur\u00e9e des exp\u00e9riences qui pourra induire une l\u00e9g\u00e8re fatigue.<\/p>\n\n\n\n<p><strong>Vos droits de vous retirer de la recherche \u00e0 tout moment :<\/strong> \u00c0 la suite de votre consentement \u00e0 la participation de votre enfant, celui-ci devra \u00e9galement exprimer sa volont\u00e9 de participer. Cependant, il pourra, \u00e0 tout moment, exprimer sa volont\u00e9 d\u2019interrompre sa participation sans que cela ait aucune incidence autre que l\u2019arr\u00eat de sa participation. Pour cela, il lui suffira ou il vous suffira d\u2019en informer l\u2019investigateur, Mme Gomez, ou un de ces collaborateurs. En cas de retrait de votre consentement et\/ou d\u2019exercice du droit \u00e0 l\u2019effacement des donn\u00e9es de votre enfant, ce retrait n&rsquo;a pas d&rsquo;incidence sur les activit\u00e9s men\u00e9es et sur l&rsquo;utilisation des donn\u00e9es obtenues sur la base du consentement \u00e9clair\u00e9 exprim\u00e9 avant que celui-ci n&rsquo;ait \u00e9t\u00e9 retir\u00e9.<\/p>\n","protected":false},"excerpt":{"rendered":"<p>Quel est l\u2019objectif de cette recherche ? Cette \u00e9tude a pour objectif d\u2019am\u00e9liorer un logiciel de g\u00e9om\u00e9trie dynamique en le rendant accessible pour ces usagers, notamment des enfants dyspraxiques, mais \u00e9galement d\u2019\u00e9tudier les effets de ces am\u00e9liorations du logiciel pour l\u2019apprentissage des math\u00e9matiques par ces usagers. Pour cela, nous aurons besoin de comparer les donn\u00e9es&hellip;&nbsp;<a href=\"https:\/\/dyspraxie-geometrie.fr\/?page_id=391\" class=\"\" rel=\"bookmark\">Lire la suite &raquo;<span class=\"screen-reader-text\"><\/span><\/a><\/p>\n","protected":false},"author":3,"featured_media":455,"parent":0,"menu_order":0,"comment_status":"closed","ping_status":"closed","template":"","meta":{"neve_meta_sidebar":"","neve_meta_container":"","neve_meta_enable_content_width":"","neve_meta_content_width":0,"neve_meta_title_alignment":"","neve_meta_author_avatar":"","neve_post_elements_order":"","neve_meta_disable_header":"","neve_meta_disable_footer":"","neve_meta_disable_title":"","_themeisle_gutenberg_block_has_review":false,"footnotes":""},"class_list":["post-391","page","type-page","status-publish","has-post-thumbnail","hentry"],"_links":{"self":[{"href":"https:\/\/dyspraxie-geometrie.fr\/index.php?rest_route=\/wp\/v2\/pages\/391","targetHints":{"allow":["GET"]}}],"collection":[{"href":"https:\/\/dyspraxie-geometrie.fr\/index.php?rest_route=\/wp\/v2\/pages"}],"about":[{"href":"https:\/\/dyspraxie-geometrie.fr\/index.php?rest_route=\/wp\/v2\/types\/page"}],"author":[{"embeddable":true,"href":"https:\/\/dyspraxie-geometrie.fr\/index.php?rest_route=\/wp\/v2\/users\/3"}],"replies":[{"embeddable":true,"href":"https:\/\/dyspraxie-geometrie.fr\/index.php?rest_route=%2Fwp%2Fv2%2Fcomments&post=391"}],"version-history":[{"count":0,"href":"https:\/\/dyspraxie-geometrie.fr\/index.php?rest_route=\/wp\/v2\/pages\/391\/revisions"}],"wp:featuredmedia":[{"embeddable":true,"href":"https:\/\/dyspraxie-geometrie.fr\/index.php?rest_route=\/wp\/v2\/media\/455"}],"wp:attachment":[{"href":"https:\/\/dyspraxie-geometrie.fr\/index.php?rest_route=%2Fwp%2Fv2%2Fmedia&parent=391"}],"curies":[{"name":"wp","href":"https:\/\/api.w.org\/{rel}","templated":true}]}}